{"id":10337,"date":"2025-04-04T11:29:30","date_gmt":"2025-04-04T11:29:30","guid":{"rendered":"https:\/\/www.innopersonal.ch\/informazioni-generali\/"},"modified":"2025-07-11T08:59:28","modified_gmt":"2025-07-11T08:59:28","slug":"informazioni-generali","status":"publish","type":"page","link":"https:\/\/www.innopersonal.ch\/it\/informazioni-generali\/","title":{"rendered":"Informazioni generali"},"content":{"rendered":"\t\t<div data-elementor-type=\"wp-page\" data-elementor-id=\"10337\" class=\"elementor elementor-10337 elementor-8832\">\n\t\t\t\t<div class=\"elementor-element elementor-element-685c64f e-flex e-con-boxed e-con e-child\" data-id=\"685c64f\" data-element_type=\"container\" data-e-type=\"container\">\n\t\t\t\t\t<div class=\"e-con-inner\">\n\t\t\t\t<div class=\"elementor-element elementor-element-27d27a7 impressum_content elementor-widget elementor-widget-text-editor\" data-id=\"27d27a7\" data-element_type=\"widget\" data-e-type=\"widget\" data-widget_type=\"text-editor.default\">\n\t\t\t\t<div class=\"elementor-widget-container\">\n\t\t\t\t\t\t\t\t\t<p>Le seguenti informazioni forniscono una semplice panoramica di ci\u00f2 che accade ai tuoi dati personali quando visiti il nostro sito web. Per dati personali si intendono tutti i dati che possono essere utilizzati per identificarti personalmente. Informazioni dettagliate sul tema della protezione dei dati sono disponibili nella nostra dichiarazione sulla protezione dei dati riportata sotto questo testo.  <\/p><h3>Raccolta di dati sul nostro sito web<\/h3><p><strong>Chi \u00e8 responsabile della raccolta dei dati su questo sito?<\/strong><\/p><p>Il trattamento dei dati su questo sito web \u00e8 effettuato dall&#8217;operatore del sito. I dati di contatto dell&#8217;operatore sono riportati nelle note legali di questo sito web. <\/p><p><strong>Come raccogliamo i tuoi dati?<\/strong><\/p><p>Da un lato, i tuoi dati vengono raccolti quando ce li fornisci. Ad esempio, i dati inseriti in un modulo di contatto. <\/p><p>Altri dati vengono raccolti automaticamente dai nostri sistemi informatici quando visiti il sito web. Si tratta principalmente di dati tecnici (ad esempio il browser internet, il sistema operativo o l&#8217;ora di visualizzazione della pagina). Questi dati vengono raccolti automaticamente non appena accedi al nostro sito web.  <\/p><p><strong>Per cosa utilizziamo i tuoi dati?<\/strong><\/p><p>Alcuni dati vengono raccolti per garantire che il sito web venga fornito senza errori. Altri dati possono essere utilizzati per analizzare il comportamento degli utenti. <\/p><p><strong>Quali diritti hai in merito ai tuoi dati?<\/strong><\/p><p>Hai il diritto di ricevere gratuitamente e in qualsiasi momento informazioni sull&#8217;origine, il destinatario e lo scopo dei tuoi dati personali memorizzati. Hai inoltre il diritto di richiedere la correzione, il blocco o la cancellazione di tali dati. Puoi contattarci in qualsiasi momento all&#8217;indirizzo indicato nella nota legale se hai ulteriori domande sul tema della protezione dei dati. Hai inoltre il diritto di presentare un reclamo all&#8217;autorit\u00e0 di vigilanza competente.   <\/p><h3>Strumenti di analisi e strumenti di fornitori terzi<\/h3><p>Quando visiti il nostro sito web, il tuo comportamento di navigazione pu\u00f2 essere valutato statisticamente. Ci\u00f2 avviene principalmente tramite l&#8217;utilizzo di cookie e dei cosiddetti programmi di analisi. L&#8217;analisi del tuo comportamento di navigazione \u00e8 solitamente anonima; il comportamento di navigazione non pu\u00f2 essere ricondotto a te. Puoi opporti a questa analisi o impedirla non utilizzando determinati strumenti. Informazioni dettagliate al riguardo sono disponibili nella seguente informativa sulla privacy.    <\/p><p>Puoi opporti a questa analisi. Ti informeremo sulle opzioni di opposizione in questa informativa sulla privacy. <\/p><h3>Protezione dei dati<\/h3><p>Gli operatori di queste pagine prendono molto sul serio la protezione dei tuoi dati personali. Trattiamo i tuoi dati personali in modo confidenziale e in conformit\u00e0 con le norme di legge sulla protezione dei dati e con la presente informativa sulla privacy. <\/p><p>Quando utilizzi questo sito web, vengono raccolti diversi dati personali. I dati personali sono dati che possono essere utilizzati per identificarti personalmente. La presente informativa sulla privacy spiega quali dati raccogliamo e per quali scopi li utilizziamo. Spiega inoltre come e per quale scopo vengono raccolti.   <\/p><p>Desideriamo sottolineare che la trasmissione di dati su Internet (ad esempio quando si comunica via e-mail) pu\u00f2 presentare lacune nella sicurezza. Non \u00e8 possibile proteggere completamente i dati dall&#8217;accesso di terzi. <\/p><h3>Revoca del consenso al trattamento dei dati<\/h3><p>Molte operazioni di trattamento dei dati sono possibili solo con il tuo consenso espresso. Puoi revocare in qualsiasi momento il consenso che hai gi\u00e0 dato. Tutto ci\u00f2 che devi fare \u00e8 inviarci un&#8217;e-mail informale. La legalit\u00e0 del trattamento dei dati effettuato fino alla revoca rimane inalterata.   <\/p><h3>Diritto alla portabilit\u00e0 dei dati<\/h3><p>Hai il diritto di ottenere che i dati che trattiamo automaticamente sulla base del tuo consenso o in adempimento di un contratto vengano consegnati a te o a una terza parte in un formato comunemente utilizzato e leggibile da una macchina. Se richiedi il trasferimento diretto dei dati a un altro titolare del trattamento, questo avverr\u00e0 solo se tecnicamente fattibile. <\/p><h3>Crittografia SSL o TLS<\/h3><p>Questo sito utilizza la crittografia SSL o TLS per motivi di sicurezza e per proteggere la trasmissione di contenuti riservati, come gli ordini o le richieste di informazioni che ci invii in qualit\u00e0 di gestore del sito. Puoi riconoscere una connessione crittografata dal fatto che la riga dell&#8217;indirizzo del browser passa da &#8220;http:\/\/&#8221; a &#8220;https:\/\/&#8221; e dal simbolo del lucchetto nella riga del browser.  <\/p><p>Se la crittografia SSL o TLS \u00e8 attivata, i dati che ci trasmetti non possono essere letti da terzi.<\/p><h3>Informazioni, blocco, cancellazione<\/h3><p>Nell&#8217;ambito delle disposizioni di legge applicabili, hai il diritto di ottenere in qualsiasi momento informazioni gratuite sui tuoi dati personali memorizzati, sulla loro origine e sul loro destinatario e sulle finalit\u00e0 del trattamento dei dati e, se necessario, il diritto alla correzione, al blocco o alla cancellazione di tali dati. Puoi contattarci in qualsiasi momento all&#8217;indirizzo indicato nella nota legale se hai ulteriori domande sul tema dei dati personali. <\/p><h3>File di log del server<\/h3><p>Il fornitore delle pagine raccoglie e memorizza automaticamente le informazioni nei cosiddetti file di log del server, che il tuo browser ci trasmette automaticamente. Questi sono <\/p><ul style=\"margin-left: 20px;\"><li>Tipo e versione del browser<\/li><li>Sistema operativo utilizzato<\/li><li>URL di riferimento<\/li><li>Nome host del computer di accesso<\/li><li>Ora della richiesta del server<\/li><li>Indirizzo IP<\/li><\/ul><p>Questi dati non vengono uniti ad altre fonti di dati.<\/p><p>La base per il trattamento dei dati \u00e8 l&#8217;art. 6 par. 1 lit. b GDPR, che consente il trattamento dei dati per l&#8217;adempimento di un contratto o di misure precontrattuali.  <\/p><h3>Modulo di contatto<\/h3><p>Se ci invii richieste di informazioni tramite il modulo di contatto, i tuoi dati dal modulo di richiesta, compresi i dati di contatto che ci fornisci, saranno conservati da noi allo scopo di elaborare la richiesta e in caso di domande successive. Non trasmetteremo questi dati senza il tuo consenso. <\/p><p>I dati inseriti nel modulo di contatto sono pertanto trattati esclusivamente sulla base del tuo consenso (art. 6 par. 1 lett. a GDPR). Puoi revocare questo consenso in qualsiasi momento. Tutto ci\u00f2 che devi fare \u00e8 inviarci un&#8217;email informale. La legalit\u00e0 delle operazioni di trattamento dei dati effettuate fino alla revoca rimane inalterata.   <\/p><p>Conserveremo i dati da te forniti nel modulo di contatto fino a quando non ne richiederai la cancellazione, non revocherai il tuo consenso alla loro conservazione o non verr\u00e0 meno lo scopo per cui sono stati conservati (ad esempio, dopo aver soddisfatto la tua richiesta). Le disposizioni di legge obbligatorie, in particolare i periodi di conservazione, rimangono inalterate. <\/p><h3>Trattamento dei dati (dati dei clienti e dei contratti)<\/h3><p>Raccogliamo, elaboriamo e utilizziamo i dati personali solo nella misura in cui ci\u00f2 \u00e8 necessario per l&#8217;instaurazione, il contenuto o la modifica del rapporto giuridico (dati di inventario). Ci\u00f2 avviene sulla base dell&#8217;Art. 6 comma 1 lit. b GDPR, che consente il trattamento dei dati per l&#8217;adempimento di un contratto o di misure precontrattuali. Raccogliamo, elaboriamo e utilizziamo i dati personali relativi all&#8217;utilizzo del nostro sito web (dati di utilizzo) solo nella misura in cui ci\u00f2 \u00e8 necessario per consentire all&#8217;utente di utilizzare il servizio o per fatturare all&#8217;utente.    <\/p><p>I dati del cliente raccolti saranno cancellati dopo il completamento dell&#8217;ordine o la cessazione del rapporto commerciale. I periodi di conservazione previsti dalla legge rimangono inalterati. <\/p><h3>Google Analytics<\/h3><p>Questo sito web utilizza le funzioni del servizio di analisi web Google Analytics. Il fornitore \u00e8 Google Inc, 1600 Amphitheatre Parkway, Mountain View, CA 94043, USA.<\/p><p>Google Analytics utilizza i cosiddetti &#8220;cookie&#8221;. Si tratta di file di testo che vengono memorizzati sul tuo computer e che consentono di analizzare il tuo utilizzo del sito web. Le informazioni generate dal cookie sull&#8217;utilizzo del sito web da parte dell&#8217;utente vengono solitamente trasferite a un server di Google negli Stati Uniti e l\u00ec memorizzate.  <\/p><p>I cookie di Google Analytics vengono memorizzati in base all&#8217;art. 6 par. 1 lit. f GDPR. L&#8217;operatore del sito web ha un interesse legittimo ad analizzare il comportamento degli utenti al fine di ottimizzare il proprio sito web e la propria pubblicit\u00e0.   <\/p><p><strong>Anonimizzazione dell&#8217;IP<\/strong><\/p><p>Abbiamo attivato la funzione di anonimizzazione dell&#8217;IP su questo sito web. Ci\u00f2 significa che il tuo indirizzo IP verr\u00e0 troncato da Google all&#8217;interno degli Stati membri dell&#8217;Unione Europea o in altri Stati firmatari dell&#8217;Accordo sullo Spazio Economico Europeo prima di essere trasmesso agli Stati Uniti. Solo in casi eccezionali l&#8217;indirizzo IP completo verr\u00e0 trasmesso a un server di Google negli Stati Uniti e l\u00ec troncato. Per conto del gestore di questo sito web, Google utilizzer\u00e0 queste informazioni per analizzare l&#8217;utilizzo del sito web da parte dell&#8217;utente, per compilare report sulle attivit\u00e0 del sito web e per fornire al gestore del sito web altri servizi relativi alle attivit\u00e0 del sito web e all&#8217;utilizzo di internet. L&#8217;indirizzo IP trasmesso dal tuo browser nell&#8217;ambito di Google Analytics non verr\u00e0 unito ad altri dati di Google.    <\/p><p><strong>Plugin del browser<\/strong><\/p><p>Puoi rifiutare l&#8217;uso dei cookie selezionando l&#8217;impostazione appropriata sul tuo browser; tuttavia, tieni presente che in tal caso potresti non essere in grado di utilizzare tutte le funzionalit\u00e0 di questo sito web. Puoi anche impedire a Google di raccogliere i dati generati dal cookie e relativi al tuo utilizzo del sito web (compreso il tuo indirizzo IP) e di elaborarli da parte di Google scaricando e installando il plug-in del browser disponibile al seguente link: <a href=\"http:\/\/tools.google.com\/dlpage\/gaoptout?hl=de\" target=\"_blank\" rel=\"noopener\">Installa qui<\/a>. <\/p><p>Per maggiori informazioni su come Google Analytics gestisce i dati degli utenti, puoi consultare l&#8217;informativa sulla privacy di <a href=\"https:\/\/support.google.com\/analytics\/answer\/6004245?hl=de\" target=\"_blank\" rel=\"noopener\">Google<\/a>.<\/p><h3>Google Web Fonts<\/h3><p>Questo sito utilizza i cosiddetti web font forniti da Google per la visualizzazione standardizzata dei caratteri. Quando richiami una pagina, il tuo browser carica i web font necessari nella cache del browser per visualizzare correttamente i testi e i caratteri. <\/p><p>A tal fine, il browser che stai utilizzando deve connettersi ai server di Google. In questo modo Google viene informato che il nostro sito web \u00e8 stato visitato tramite il tuo indirizzo IP. L&#8217;utilizzo di Google Web Fonts \u00e8 finalizzato a una presentazione uniforme e accattivante delle nostre offerte online. Ci\u00f2 costituisce un interesse legittimo ai sensi dell&#8217;art. 6 comma 1 lett. f GDPR.     <\/p><p>Se il tuo browser non supporta i web font, il tuo computer utilizzer\u00e0 un font standard.<\/p><p>Ulteriori informazioni su Google Web Fonts sono disponibili in queste <a href=\"https:\/\/developers.google.com\/fonts\/faq\" target=\"_blank\" rel=\"noopener\">FAQ<\/a> e nell&#8217;informativa sulla privacy di <a href=\"https:\/\/www.google.com\/policies\/privacy\/\" target=\"_blank\" rel=\"noopener\">Google<\/a>.<\/p><h3>Come possiamo modificare la presente informativa sulla privacy<\/h3><p>Ci riserviamo il diritto di modificare la presente informativa sulla privacy in qualsiasi momento. Si applicher\u00e0 la versione pubblicata sul nostro sito web. <\/p><p>Informativa sulla privacy InnoPersonal AG, settembre 2018<\/p><p> <\/p>\t\t\t\t\t\t\t\t<\/div>\n\t\t\t\t<\/div>\n\t\t\t\t\t<\/div>\n\t\t\t\t<\/div>\n\t\t\t\t<\/div>\n\t\t","protected":false},"excerpt":{"rendered":"<p>Le seguenti informazioni forniscono una semplice panoramica di ci\u00f2 che accade ai tuoi dati personali quando visiti il nostro sito web. Per dati personali si intendono tutti i dati che possono essere utilizzati per identificarti personalmente. Informazioni dettagliate sul tema della protezione dei dati sono disponibili nella nostra dichiarazione sulla protezione dei dati riportata sotto <\/p>\n","protected":false},"author":1,"featured_media":0,"parent":0,"menu_order":0,"comment_status":"closed","ping_status":"closed","template":"jobzilla_template.php","meta":{"_acf_changed":false,"footnotes":""},"class_list":["post-10337","page","type-page","status-publish","hentry"],"yoast_head":"<!-- This site is optimized with the Yoast SEO plugin v27.2 - https:\/\/yoast.com\/product\/yoast-seo-wordpress\/ -->\n<title>Informazioni generali - InnoPersonal AG - Wil - St. Gallen - Weinfelden<\/title>\n<meta name=\"description\" content=\"Informazioni generali -\" \/>\n<meta name=\"robots\" content=\"index, follow, max-snippet:-1, max-image-preview:large, max-video-preview:-1\" \/>\n<link rel=\"canonical\" href=\"https:\/\/www.innopersonal.ch\/it\/informazioni-generali\/\" \/>\n<meta property=\"og:locale\" content=\"it_IT\" \/>\n<meta property=\"og:type\" content=\"article\" \/>\n<meta property=\"og:title\" content=\"Informazioni generali - InnoPersonal AG - Wil - St. Gallen - Weinfelden\" \/>\n<meta property=\"og:description\" content=\"Informazioni generali -\" \/>\n<meta property=\"og:url\" content=\"https:\/\/www.innopersonal.ch\/it\/informazioni-generali\/\" \/>\n<meta property=\"og:site_name\" content=\"InnoPersonal AG - Wil - St. Gallen - Weinfelden\" \/>\n<meta property=\"article:modified_time\" content=\"2025-07-11T08:59:28+00:00\" \/>\n<meta property=\"og:image\" content=\"https:\/\/www.innopersonal.ch\/wp-content\/uploads\/2025\/03\/innopersonal-logo.png\" \/>\n\t<meta property=\"og:image:width\" content=\"402\" \/>\n\t<meta property=\"og:image:height\" content=\"71\" \/>\n\t<meta property=\"og:image:type\" content=\"image\/png\" \/>\n<meta name=\"twitter:card\" content=\"summary_large_image\" \/>\n<meta name=\"twitter:label1\" content=\"Tempo di lettura stimato\" \/>\n\t<meta name=\"twitter:data1\" content=\"8 minuti\" \/>\n<script type=\"application\/ld+json\" class=\"yoast-schema-graph\">{\"@context\":\"https:\/\/schema.org\",\"@graph\":[{\"@type\":\"WebPage\",\"@id\":\"https:\/\/www.innopersonal.ch\/it\/informazioni-generali\/\",\"url\":\"https:\/\/www.innopersonal.ch\/it\/informazioni-generali\/\",\"name\":\"Informazioni generali - InnoPersonal AG - Wil - St. Gallen - Weinfelden\",\"isPartOf\":{\"@id\":\"https:\/\/www.innopersonal.ch\/de\/#website\"},\"datePublished\":\"2025-04-04T11:29:30+00:00\",\"dateModified\":\"2025-07-11T08:59:28+00:00\",\"description\":\"Informazioni generali -\",\"breadcrumb\":{\"@id\":\"https:\/\/www.innopersonal.ch\/it\/informazioni-generali\/#breadcrumb\"},\"inLanguage\":\"it-IT\",\"potentialAction\":[{\"@type\":\"ReadAction\",\"target\":[\"https:\/\/www.innopersonal.ch\/it\/informazioni-generali\/\"]}]},{\"@type\":\"BreadcrumbList\",\"@id\":\"https:\/\/www.innopersonal.ch\/it\/informazioni-generali\/#breadcrumb\",\"itemListElement\":[{\"@type\":\"ListItem\",\"position\":1,\"name\":\"Startseite\",\"item\":\"https:\/\/www.innopersonal.ch\/en\/\"},{\"@type\":\"ListItem\",\"position\":2,\"name\":\"Informazioni generali\"}]},{\"@type\":\"WebSite\",\"@id\":\"https:\/\/www.innopersonal.ch\/de\/#website\",\"url\":\"https:\/\/www.innopersonal.ch\/de\/\",\"name\":\"InnoPersonal AG - Wil - St. Gallen - Weinfelden\",\"description\":\"Stellenvermittlung in der Ostschweiz\",\"publisher\":{\"@id\":\"https:\/\/www.innopersonal.ch\/de\/#organization\"},\"potentialAction\":[{\"@type\":\"SearchAction\",\"target\":{\"@type\":\"EntryPoint\",\"urlTemplate\":\"https:\/\/www.innopersonal.ch\/de\/?s={search_term_string}\"},\"query-input\":{\"@type\":\"PropertyValueSpecification\",\"valueRequired\":true,\"valueName\":\"search_term_string\"}}],\"inLanguage\":\"it-IT\"},{\"@type\":\"Organization\",\"@id\":\"https:\/\/www.innopersonal.ch\/de\/#organization\",\"name\":\"Innopersonal\",\"url\":\"https:\/\/www.innopersonal.ch\/de\/\",\"logo\":{\"@type\":\"ImageObject\",\"inLanguage\":\"it-IT\",\"@id\":\"https:\/\/www.innopersonal.ch\/de\/#\/schema\/logo\/image\/\",\"url\":\"https:\/\/www.innopersonal.ch\/wp-content\/uploads\/2025\/03\/innopersonal-logo.png\",\"contentUrl\":\"https:\/\/www.innopersonal.ch\/wp-content\/uploads\/2025\/03\/innopersonal-logo.png\",\"width\":402,\"height\":71,\"caption\":\"Innopersonal\"},\"image\":{\"@id\":\"https:\/\/www.innopersonal.ch\/de\/#\/schema\/logo\/image\/\"}}]}<\/script>\n<!-- \/ Yoast SEO plugin. -->","yoast_head_json":{"title":"Informazioni generali - InnoPersonal AG - Wil - St. Gallen - Weinfelden","description":"Informazioni generali -","robots":{"index":"index","follow":"follow","max-snippet":"max-snippet:-1","max-image-preview":"max-image-preview:large","max-video-preview":"max-video-preview:-1"},"canonical":"https:\/\/www.innopersonal.ch\/it\/informazioni-generali\/","og_locale":"it_IT","og_type":"article","og_title":"Informazioni generali - InnoPersonal AG - Wil - St. Gallen - Weinfelden","og_description":"Informazioni generali -","og_url":"https:\/\/www.innopersonal.ch\/it\/informazioni-generali\/","og_site_name":"InnoPersonal AG - Wil - St. Gallen - Weinfelden","article_modified_time":"2025-07-11T08:59:28+00:00","og_image":[{"width":402,"height":71,"url":"https:\/\/www.innopersonal.ch\/wp-content\/uploads\/2025\/03\/innopersonal-logo.png","type":"image\/png"}],"twitter_card":"summary_large_image","twitter_misc":{"Tempo di lettura stimato":"8 minuti"},"schema":{"@context":"https:\/\/schema.org","@graph":[{"@type":"WebPage","@id":"https:\/\/www.innopersonal.ch\/it\/informazioni-generali\/","url":"https:\/\/www.innopersonal.ch\/it\/informazioni-generali\/","name":"Informazioni generali - InnoPersonal AG - Wil - St. Gallen - Weinfelden","isPartOf":{"@id":"https:\/\/www.innopersonal.ch\/de\/#website"},"datePublished":"2025-04-04T11:29:30+00:00","dateModified":"2025-07-11T08:59:28+00:00","description":"Informazioni generali -","breadcrumb":{"@id":"https:\/\/www.innopersonal.ch\/it\/informazioni-generali\/#breadcrumb"},"inLanguage":"it-IT","potentialAction":[{"@type":"ReadAction","target":["https:\/\/www.innopersonal.ch\/it\/informazioni-generali\/"]}]},{"@type":"BreadcrumbList","@id":"https:\/\/www.innopersonal.ch\/it\/informazioni-generali\/#breadcrumb","itemListElement":[{"@type":"ListItem","position":1,"name":"Startseite","item":"https:\/\/www.innopersonal.ch\/en\/"},{"@type":"ListItem","position":2,"name":"Informazioni generali"}]},{"@type":"WebSite","@id":"https:\/\/www.innopersonal.ch\/de\/#website","url":"https:\/\/www.innopersonal.ch\/de\/","name":"InnoPersonal AG - Wil - St. Gallen - Weinfelden","description":"Stellenvermittlung in der Ostschweiz","publisher":{"@id":"https:\/\/www.innopersonal.ch\/de\/#organization"},"potentialAction":[{"@type":"SearchAction","target":{"@type":"EntryPoint","urlTemplate":"https:\/\/www.innopersonal.ch\/de\/?s={search_term_string}"},"query-input":{"@type":"PropertyValueSpecification","valueRequired":true,"valueName":"search_term_string"}}],"inLanguage":"it-IT"},{"@type":"Organization","@id":"https:\/\/www.innopersonal.ch\/de\/#organization","name":"Innopersonal","url":"https:\/\/www.innopersonal.ch\/de\/","logo":{"@type":"ImageObject","inLanguage":"it-IT","@id":"https:\/\/www.innopersonal.ch\/de\/#\/schema\/logo\/image\/","url":"https:\/\/www.innopersonal.ch\/wp-content\/uploads\/2025\/03\/innopersonal-logo.png","contentUrl":"https:\/\/www.innopersonal.ch\/wp-content\/uploads\/2025\/03\/innopersonal-logo.png","width":402,"height":71,"caption":"Innopersonal"},"image":{"@id":"https:\/\/www.innopersonal.ch\/de\/#\/schema\/logo\/image\/"}}]}},"acf":[],"_links":{"self":[{"href":"https:\/\/www.innopersonal.ch\/it\/wp-json\/wp\/v2\/pages\/10337","targetHints":{"allow":["GET"]}}],"collection":[{"href":"https:\/\/www.innopersonal.ch\/it\/wp-json\/wp\/v2\/pages"}],"about":[{"href":"https:\/\/www.innopersonal.ch\/it\/wp-json\/wp\/v2\/types\/page"}],"author":[{"embeddable":true,"href":"https:\/\/www.innopersonal.ch\/it\/wp-json\/wp\/v2\/users\/1"}],"replies":[{"embeddable":true,"href":"https:\/\/www.innopersonal.ch\/it\/wp-json\/wp\/v2\/comments?post=10337"}],"version-history":[{"count":1,"href":"https:\/\/www.innopersonal.ch\/it\/wp-json\/wp\/v2\/pages\/10337\/revisions"}],"predecessor-version":[{"id":10338,"href":"https:\/\/www.innopersonal.ch\/it\/wp-json\/wp\/v2\/pages\/10337\/revisions\/10338"}],"wp:attachment":[{"href":"https:\/\/www.innopersonal.ch\/it\/wp-json\/wp\/v2\/media?parent=10337"}],"curies":[{"name":"wp","href":"https:\/\/api.w.org\/{rel}","templated":true}]}}