{"id":8676,"date":"2025-04-04T04:51:24","date_gmt":"2025-04-04T04:51:24","guid":{"rendered":"https:\/\/www.innopersonal.ch\/leitfaden\/"},"modified":"2025-07-11T09:06:41","modified_gmt":"2025-07-11T09:06:41","slug":"leitfaden","status":"publish","type":"page","link":"https:\/\/www.innopersonal.ch\/it\/leitfaden\/","title":{"rendered":"Guida"},"content":{"rendered":"\t\t<div data-elementor-type=\"wp-page\" data-elementor-id=\"8676\" class=\"elementor elementor-8676 elementor-8635\">\n\t\t\t\t<div class=\"elementor-element elementor-element-c1e155d e-flex e-con-boxed e-con e-parent\" data-id=\"c1e155d\" data-element_type=\"container\" data-e-type=\"container\">\n\t\t\t\t\t<div class=\"e-con-inner\">\n\t\t\t\t<div class=\"elementor-element elementor-element-895a91d elementor-widget elementor-widget-text-editor\" data-id=\"895a91d\" data-element_type=\"widget\" data-e-type=\"widget\" data-widget_type=\"text-editor.default\">\n\t\t\t\t<div class=\"elementor-widget-container\">\n\t\t\t\t\t\t\t\t\t<h2><strong>Dichiarazione di missione di InnoPersonal AG<\/strong><\/h2><p> <\/p><h3><strong>Le persone al centro<\/strong><\/h3><p>La nostra risorsa pi\u00f9 importante sono le persone, sia i nostri dipendenti che i nostri clienti. Creiamo le basi per un successo sostenibile attraverso il supporto personale, lo sviluppo mirato e la fiducia reciproca. Crediamo che i team forti siano la base per ottenere prestazioni eccellenti.  <\/p><p> <\/p><h3><strong>Servizi innovativi per il personale di qualit\u00e0<\/strong><\/h3><p>Siamo sinonimo di servizi per il personale moderni, flessibili e affidabili della massima qualit\u00e0. Sviluppiamo continuamente i nostri processi e servizi per soddisfare le mutevoli esigenze dei nostri clienti e dei nostri dipendenti. <\/p><p> <\/p><h3><strong>Successo congiunto grazie all&#8217;esperienza<\/strong><\/h3><p>Il successo imprenditoriale di InnoPersonal si basa sull&#8217;impegno, sulle qualifiche e sulla responsabilit\u00e0 personale di ogni singolo dipendente. Promuoviamo la conoscenza, l&#8217;iniziativa e l&#8217;apprendimento continuo. Perch\u00e9 la nostra esperienza condivisa \u00e8 la chiave per una crescita sostenibile.  <\/p><p> <\/p><h3><strong>Relazioni con i clienti basate sulla partnership<\/strong><\/h3><p>Per noi i clienti sono dei partner. I loro obiettivi sono il nostro motore. Creiamo valore aggiunto attraverso una comunicazione aperta, affidabilit\u00e0 e soluzioni personalizzate. Ogni contatto \u00e8 un&#8217;opportunit\u00e0 per rafforzare la fiducia e avere successo insieme.   <\/p><p> <\/p><h3><strong>Responsabilit\u00e0 e apprezzamento nella cooperazione<\/strong><\/h3><p>Un&#8217;interazione rispettosa, trasparente e apprezzabile con gli altri \u00e8 una cosa ovvia per noi. Viviamo una cultura aziendale caratterizzata da onest\u00e0, correttezza e lealt\u00e0. Una buona atmosfera lavorativa \u00e8 la base su cui prosperano l&#8217;innovazione e le prestazioni.  <\/p><p> <\/p><h3><strong>Salute e sicurezza sul posto di lavoro<\/strong><\/h3><p>La sicurezza e il benessere dei nostri dipendenti sono la nostra massima priorit\u00e0. Creiamo condizioni di lavoro sicure, promuoviamo un comportamento attento alla salute e ci assicuriamo che tutti possano svolgere il proprio lavoro in condizioni ottimali. <\/p><p> <\/p><h3><strong>&#8220;Il futuro inizia con un nuovo percorso&#8221;.<\/strong><\/h3><p>Questo principio guida caratterizza il nostro lavoro quotidiano. Progettiamo servizi moderni per il personale con uno spirito di innovazione, responsabilit\u00e0 e cuore &#8211; per oggi e per domani. <\/p>\t\t\t\t\t\t\t\t<\/div>\n\t\t\t\t<\/div>\n\t\t\t\t\t<\/div>\n\t\t\t\t<\/div>\n\t\t\t\t<\/div>\n\t\t","protected":false},"excerpt":{"rendered":"<p>Dichiarazione di missione di InnoPersonal AG Le persone al centro La nostra risorsa pi\u00f9 importante sono le persone, sia i nostri dipendenti che i nostri clienti. Creiamo le basi per un successo sostenibile attraverso il supporto personale, lo sviluppo mirato e la fiducia reciproca. Crediamo che i team forti siano la base per ottenere prestazioni <\/p>\n","protected":false},"author":1,"featured_media":0,"parent":0,"menu_order":0,"comment_status":"closed","ping_status":"closed","template":"jobzilla_template.php","meta":{"_acf_changed":false,"footnotes":""},"class_list":["post-8676","page","type-page","status-publish","hentry"],"yoast_head":"<!-- This site is optimized with the Yoast SEO plugin v27.2 - https:\/\/yoast.com\/product\/yoast-seo-wordpress\/ -->\n<title>Guida - InnoPersonal AG - Wil - St. Gallen - Weinfelden<\/title>\n<meta name=\"description\" content=\"Guida -\" \/>\n<meta name=\"robots\" content=\"index, follow, max-snippet:-1, max-image-preview:large, max-video-preview:-1\" \/>\n<link rel=\"canonical\" href=\"https:\/\/www.innopersonal.ch\/it\/leitfaden\/\" \/>\n<meta property=\"og:locale\" content=\"it_IT\" \/>\n<meta property=\"og:type\" content=\"article\" \/>\n<meta property=\"og:title\" content=\"Guida - InnoPersonal AG - Wil - St. Gallen - Weinfelden\" \/>\n<meta property=\"og:description\" content=\"Guida -\" \/>\n<meta property=\"og:url\" content=\"https:\/\/www.innopersonal.ch\/it\/leitfaden\/\" \/>\n<meta property=\"og:site_name\" content=\"InnoPersonal AG - Wil - St. Gallen - Weinfelden\" \/>\n<meta property=\"article:modified_time\" content=\"2025-07-11T09:06:41+00:00\" \/>\n<meta property=\"og:image\" content=\"https:\/\/www.innopersonal.ch\/wp-content\/uploads\/2025\/03\/innopersonal-logo.png\" \/>\n\t<meta property=\"og:image:width\" content=\"402\" \/>\n\t<meta property=\"og:image:height\" content=\"71\" \/>\n\t<meta property=\"og:image:type\" content=\"image\/png\" \/>\n<meta name=\"twitter:card\" content=\"summary_large_image\" \/>\n<meta name=\"twitter:label1\" content=\"Tempo di lettura stimato\" \/>\n\t<meta name=\"twitter:data1\" content=\"2 minuti\" \/>\n<script type=\"application\/ld+json\" class=\"yoast-schema-graph\">{\"@context\":\"https:\/\/schema.org\",\"@graph\":[{\"@type\":\"WebPage\",\"@id\":\"https:\/\/www.innopersonal.ch\/it\/leitfaden\/\",\"url\":\"https:\/\/www.innopersonal.ch\/it\/leitfaden\/\",\"name\":\"Guida - InnoPersonal AG - Wil - St. Gallen - Weinfelden\",\"isPartOf\":{\"@id\":\"https:\/\/www.innopersonal.ch\/de\/#website\"},\"datePublished\":\"2025-04-04T04:51:24+00:00\",\"dateModified\":\"2025-07-11T09:06:41+00:00\",\"description\":\"Guida -\",\"breadcrumb\":{\"@id\":\"https:\/\/www.innopersonal.ch\/it\/leitfaden\/#breadcrumb\"},\"inLanguage\":\"it-IT\",\"potentialAction\":[{\"@type\":\"ReadAction\",\"target\":[\"https:\/\/www.innopersonal.ch\/it\/leitfaden\/\"]}]},{\"@type\":\"BreadcrumbList\",\"@id\":\"https:\/\/www.innopersonal.ch\/it\/leitfaden\/#breadcrumb\",\"itemListElement\":[{\"@type\":\"ListItem\",\"position\":1,\"name\":\"Startseite\",\"item\":\"https:\/\/www.innopersonal.ch\/en\/\"},{\"@type\":\"ListItem\",\"position\":2,\"name\":\"Guida\"}]},{\"@type\":\"WebSite\",\"@id\":\"https:\/\/www.innopersonal.ch\/de\/#website\",\"url\":\"https:\/\/www.innopersonal.ch\/de\/\",\"name\":\"InnoPersonal AG - Wil - St. Gallen - Weinfelden\",\"description\":\"Stellenvermittlung in der Ostschweiz\",\"publisher\":{\"@id\":\"https:\/\/www.innopersonal.ch\/de\/#organization\"},\"potentialAction\":[{\"@type\":\"SearchAction\",\"target\":{\"@type\":\"EntryPoint\",\"urlTemplate\":\"https:\/\/www.innopersonal.ch\/de\/?s={search_term_string}\"},\"query-input\":{\"@type\":\"PropertyValueSpecification\",\"valueRequired\":true,\"valueName\":\"search_term_string\"}}],\"inLanguage\":\"it-IT\"},{\"@type\":\"Organization\",\"@id\":\"https:\/\/www.innopersonal.ch\/de\/#organization\",\"name\":\"Innopersonal\",\"url\":\"https:\/\/www.innopersonal.ch\/de\/\",\"logo\":{\"@type\":\"ImageObject\",\"inLanguage\":\"it-IT\",\"@id\":\"https:\/\/www.innopersonal.ch\/de\/#\/schema\/logo\/image\/\",\"url\":\"https:\/\/www.innopersonal.ch\/wp-content\/uploads\/2025\/03\/innopersonal-logo.png\",\"contentUrl\":\"https:\/\/www.innopersonal.ch\/wp-content\/uploads\/2025\/03\/innopersonal-logo.png\",\"width\":402,\"height\":71,\"caption\":\"Innopersonal\"},\"image\":{\"@id\":\"https:\/\/www.innopersonal.ch\/de\/#\/schema\/logo\/image\/\"}}]}<\/script>\n<!-- \/ Yoast SEO plugin. -->","yoast_head_json":{"title":"Guida - InnoPersonal AG - Wil - St. Gallen - Weinfelden","description":"Guida -","robots":{"index":"index","follow":"follow","max-snippet":"max-snippet:-1","max-image-preview":"max-image-preview:large","max-video-preview":"max-video-preview:-1"},"canonical":"https:\/\/www.innopersonal.ch\/it\/leitfaden\/","og_locale":"it_IT","og_type":"article","og_title":"Guida - InnoPersonal AG - Wil - St. Gallen - Weinfelden","og_description":"Guida -","og_url":"https:\/\/www.innopersonal.ch\/it\/leitfaden\/","og_site_name":"InnoPersonal AG - Wil - St. Gallen - Weinfelden","article_modified_time":"2025-07-11T09:06:41+00:00","og_image":[{"width":402,"height":71,"url":"https:\/\/www.innopersonal.ch\/wp-content\/uploads\/2025\/03\/innopersonal-logo.png","type":"image\/png"}],"twitter_card":"summary_large_image","twitter_misc":{"Tempo di lettura stimato":"2 minuti"},"schema":{"@context":"https:\/\/schema.org","@graph":[{"@type":"WebPage","@id":"https:\/\/www.innopersonal.ch\/it\/leitfaden\/","url":"https:\/\/www.innopersonal.ch\/it\/leitfaden\/","name":"Guida - InnoPersonal AG - Wil - St. Gallen - Weinfelden","isPartOf":{"@id":"https:\/\/www.innopersonal.ch\/de\/#website"},"datePublished":"2025-04-04T04:51:24+00:00","dateModified":"2025-07-11T09:06:41+00:00","description":"Guida -","breadcrumb":{"@id":"https:\/\/www.innopersonal.ch\/it\/leitfaden\/#breadcrumb"},"inLanguage":"it-IT","potentialAction":[{"@type":"ReadAction","target":["https:\/\/www.innopersonal.ch\/it\/leitfaden\/"]}]},{"@type":"BreadcrumbList","@id":"https:\/\/www.innopersonal.ch\/it\/leitfaden\/#breadcrumb","itemListElement":[{"@type":"ListItem","position":1,"name":"Startseite","item":"https:\/\/www.innopersonal.ch\/en\/"},{"@type":"ListItem","position":2,"name":"Guida"}]},{"@type":"WebSite","@id":"https:\/\/www.innopersonal.ch\/de\/#website","url":"https:\/\/www.innopersonal.ch\/de\/","name":"InnoPersonal AG - Wil - St. Gallen - Weinfelden","description":"Stellenvermittlung in der Ostschweiz","publisher":{"@id":"https:\/\/www.innopersonal.ch\/de\/#organization"},"potentialAction":[{"@type":"SearchAction","target":{"@type":"EntryPoint","urlTemplate":"https:\/\/www.innopersonal.ch\/de\/?s={search_term_string}"},"query-input":{"@type":"PropertyValueSpecification","valueRequired":true,"valueName":"search_term_string"}}],"inLanguage":"it-IT"},{"@type":"Organization","@id":"https:\/\/www.innopersonal.ch\/de\/#organization","name":"Innopersonal","url":"https:\/\/www.innopersonal.ch\/de\/","logo":{"@type":"ImageObject","inLanguage":"it-IT","@id":"https:\/\/www.innopersonal.ch\/de\/#\/schema\/logo\/image\/","url":"https:\/\/www.innopersonal.ch\/wp-content\/uploads\/2025\/03\/innopersonal-logo.png","contentUrl":"https:\/\/www.innopersonal.ch\/wp-content\/uploads\/2025\/03\/innopersonal-logo.png","width":402,"height":71,"caption":"Innopersonal"},"image":{"@id":"https:\/\/www.innopersonal.ch\/de\/#\/schema\/logo\/image\/"}}]}},"acf":[],"_links":{"self":[{"href":"https:\/\/www.innopersonal.ch\/it\/wp-json\/wp\/v2\/pages\/8676","targetHints":{"allow":["GET"]}}],"collection":[{"href":"https:\/\/www.innopersonal.ch\/it\/wp-json\/wp\/v2\/pages"}],"about":[{"href":"https:\/\/www.innopersonal.ch\/it\/wp-json\/wp\/v2\/types\/page"}],"author":[{"embeddable":true,"href":"https:\/\/www.innopersonal.ch\/it\/wp-json\/wp\/v2\/users\/1"}],"replies":[{"embeddable":true,"href":"https:\/\/www.innopersonal.ch\/it\/wp-json\/wp\/v2\/comments?post=8676"}],"version-history":[{"count":8,"href":"https:\/\/www.innopersonal.ch\/it\/wp-json\/wp\/v2\/pages\/8676\/revisions"}],"predecessor-version":[{"id":10363,"href":"https:\/\/www.innopersonal.ch\/it\/wp-json\/wp\/v2\/pages\/8676\/revisions\/10363"}],"wp:attachment":[{"href":"https:\/\/www.innopersonal.ch\/it\/wp-json\/wp\/v2\/media?parent=8676"}],"curies":[{"name":"wp","href":"https:\/\/api.w.org\/{rel}","templated":true}]}}