{"id":8768,"date":"2025-04-04T09:33:59","date_gmt":"2025-04-04T09:33:59","guid":{"rendered":"https:\/\/www.innopersonal.ch\/dienstleistung\/"},"modified":"2025-04-16T05:23:37","modified_gmt":"2025-04-16T05:23:37","slug":"dienstleistung","status":"publish","type":"page","link":"https:\/\/www.innopersonal.ch\/it\/dienstleistung\/","title":{"rendered":"servizio"},"content":{"rendered":"\t\t<div data-elementor-type=\"wp-page\" data-elementor-id=\"8768\" class=\"elementor elementor-8768 elementor-8759\">\n\t\t\t\t<div class=\"elementor-element elementor-element-b093785 e-flex e-con-boxed e-con e-parent\" data-id=\"b093785\" data-element_type=\"container\" data-e-type=\"container\">\n\t\t\t\t\t<div class=\"e-con-inner\">\n\t\t\t\t<div class=\"elementor-element elementor-element-1d86a70 leitfaden_content elementor-widget elementor-widget-n-accordion\" data-id=\"1d86a70\" data-element_type=\"widget\" data-e-type=\"widget\" data-settings=\"{&quot;default_state&quot;:&quot;expanded&quot;,&quot;max_items_expended&quot;:&quot;one&quot;,&quot;n_accordion_animation_duration&quot;:{&quot;unit&quot;:&quot;ms&quot;,&quot;size&quot;:400,&quot;sizes&quot;:[]}}\" data-widget_type=\"nested-accordion.default\">\n\t\t\t\t<div class=\"elementor-widget-container\">\n\t\t\t\t\t\t\t<div class=\"e-n-accordion\" aria-label=\"Accordion. Open links with Enter or Space, close with Escape, and navigate with Arrow Keys\">\n\t\t\t\t\t\t<details id=\"e-n-accordion-item-3090\" class=\"e-n-accordion-item\" open>\n\t\t\t\t<summary class=\"e-n-accordion-item-title\" data-accordion-index=\"1\" tabindex=\"0\" aria-expanded=\"true\" aria-controls=\"e-n-accordion-item-3090\" >\n\t\t\t\t\t<span class='e-n-accordion-item-title-header'><div class=\"e-n-accordion-item-title-text\"> Leasing di personale <\/div><\/span>\n\t\t\t\t\t\t\t<span class='e-n-accordion-item-title-icon'>\n\t\t\t<span class='e-opened' ><svg aria-hidden=\"true\" class=\"e-font-icon-svg e-fas-arrow-down\" viewBox=\"0 0 448 512\" xmlns=\"http:\/\/www.w3.org\/2000\/svg\"><path d=\"M413.1 222.5l22.2 22.2c9.4 9.4 9.4 24.6 0 33.9L241 473c-9.4 9.4-24.6 9.4-33.9 0L12.7 278.6c-9.4-9.4-9.4-24.6 0-33.9l22.2-22.2c9.5-9.5 25-9.3 34.3.4L184 343.4V56c0-13.3 10.7-24 24-24h32c13.3 0 24 10.7 24 24v287.4l114.8-120.5c9.3-9.8 24.8-10 34.3-.4z\"><\/path><\/svg><\/span>\n\t\t\t<span class='e-closed'><svg aria-hidden=\"true\" class=\"e-font-icon-svg e-fas-arrow-up\" viewBox=\"0 0 448 512\" xmlns=\"http:\/\/www.w3.org\/2000\/svg\"><path d=\"M34.9 289.5l-22.2-22.2c-9.4-9.4-9.4-24.6 0-33.9L207 39c9.4-9.4 24.6-9.4 33.9 0l194.3 194.3c9.4 9.4 9.4 24.6 0 33.9L413 289.4c-9.5 9.5-25 9.3-34.3-.4L264 168.6V456c0 13.3-10.7 24-24 24h-32c-13.3 0-24-10.7-24-24V168.6L69.2 289.1c-9.3 9.8-24.8 10-34.3.4z\"><\/path><\/svg><\/span>\n\t\t<\/span>\n\n\t\t\t\t\t\t<\/summary>\n\t\t\t\t<div role=\"region\" aria-labelledby=\"e-n-accordion-item-3090\" class=\"elementor-element elementor-element-ba85ec2 e-con-full e-flex e-con e-child\" data-id=\"ba85ec2\" data-element_type=\"container\" data-e-type=\"container\">\n\t\t<div role=\"region\" aria-labelledby=\"e-n-accordion-item-3090\" class=\"elementor-element elementor-element-8cbf025 e-flex e-con-boxed e-con e-child\" data-id=\"8cbf025\" data-element_type=\"container\" data-e-type=\"container\">\n\t\t\t\t\t<div class=\"e-con-inner\">\n\t\t\t\t<div class=\"elementor-element elementor-element-e08afba elementor-widget elementor-widget-text-editor\" data-id=\"e08afba\" data-element_type=\"widget\" data-e-type=\"widget\" data-widget_type=\"text-editor.default\">\n\t\t\t\t<div class=\"elementor-widget-container\">\n\t\t\t\t\t\t\t\t\t<p>Reclutiamo personale sia per incarichi a lungo termine che per progetti pi\u00f9 brevi e incarichi di supporto temporanei. Operiamo in diversi settori e possiamo offrirti personale sia industriale\/tecnico che commerciale.<\/p><p>\u00a0<\/p><p>Puoi reagire rapidamente alla carenza di personale. \u00c8 possibile attenuare i picchi di ordini stagionali o legati al mercato, cos\u00ec come le carenze imprevedibili di personale. L&#8217;impiego flessibile di lavoratori temporanei consente di adattare i costi fissi in base alle esigenze in periodi di debolezza economica. I costi del personale possono essere calcolati con precisione e specificati in base allo sforzo e al progetto.<\/p>\t\t\t\t\t\t\t\t<\/div>\n\t\t\t\t<\/div>\n\t\t\t\t\t<\/div>\n\t\t\t\t<\/div>\n\t\t\t\t<\/div>\n\t\t\t\t\t<\/details>\n\t\t\t\t\t\t<details id=\"e-n-accordion-item-3091\" class=\"e-n-accordion-item\" >\n\t\t\t\t<summary class=\"e-n-accordion-item-title\" data-accordion-index=\"2\" tabindex=\"-1\" aria-expanded=\"false\" aria-controls=\"e-n-accordion-item-3091\" >\n\t\t\t\t\t<span class='e-n-accordion-item-title-header'><div class=\"e-n-accordion-item-title-text\"> Try &amp; Hire <\/div><\/span>\n\t\t\t\t\t\t\t<span class='e-n-accordion-item-title-icon'>\n\t\t\t<span class='e-opened' ><svg aria-hidden=\"true\" class=\"e-font-icon-svg e-fas-arrow-down\" viewBox=\"0 0 448 512\" xmlns=\"http:\/\/www.w3.org\/2000\/svg\"><path d=\"M413.1 222.5l22.2 22.2c9.4 9.4 9.4 24.6 0 33.9L241 473c-9.4 9.4-24.6 9.4-33.9 0L12.7 278.6c-9.4-9.4-9.4-24.6 0-33.9l22.2-22.2c9.5-9.5 25-9.3 34.3.4L184 343.4V56c0-13.3 10.7-24 24-24h32c13.3 0 24 10.7 24 24v287.4l114.8-120.5c9.3-9.8 24.8-10 34.3-.4z\"><\/path><\/svg><\/span>\n\t\t\t<span class='e-closed'><svg aria-hidden=\"true\" class=\"e-font-icon-svg e-fas-arrow-up\" viewBox=\"0 0 448 512\" xmlns=\"http:\/\/www.w3.org\/2000\/svg\"><path d=\"M34.9 289.5l-22.2-22.2c-9.4-9.4-9.4-24.6 0-33.9L207 39c9.4-9.4 24.6-9.4 33.9 0l194.3 194.3c9.4 9.4 9.4 24.6 0 33.9L413 289.4c-9.5 9.5-25 9.3-34.3-.4L264 168.6V456c0 13.3-10.7 24-24 24h-32c-13.3 0-24-10.7-24-24V168.6L69.2 289.1c-9.3 9.8-24.8 10-34.3.4z\"><\/path><\/svg><\/span>\n\t\t<\/span>\n\n\t\t\t\t\t\t<\/summary>\n\t\t\t\t<div role=\"region\" aria-labelledby=\"e-n-accordion-item-3091\" class=\"elementor-element elementor-element-3ba372a e-con-full e-flex e-con e-child\" data-id=\"3ba372a\" data-element_type=\"container\" data-e-type=\"container\">\n\t\t<div role=\"region\" aria-labelledby=\"e-n-accordion-item-3091\" class=\"elementor-element elementor-element-7940df4 e-flex e-con-boxed e-con e-child\" data-id=\"7940df4\" data-element_type=\"container\" data-e-type=\"container\">\n\t\t\t\t\t<div class=\"e-con-inner\">\n\t\t\t\t<div class=\"elementor-element elementor-element-2c0ff0d elementor-widget elementor-widget-text-editor\" data-id=\"2c0ff0d\" data-element_type=\"widget\" data-e-type=\"widget\" data-widget_type=\"text-editor.default\">\n\t\t\t\t<div class=\"elementor-widget-container\">\n\t\t\t\t\t\t\t\t\t<p>Vi consente di conoscere personalmente e professionalmente il dipendente sul posto di lavoro della vostra azienda e di assumerlo come dipendente a tempo indeterminato dopo il &#8220;periodo di prova&#8221;. Il dipendente da noi attentamente selezionato viene inizialmente assunto a tempo determinato e pu\u00f2 essere assunto dalla vostra azienda dopo un&#8217;adeguata formazione e un periodo di prova. Ci\u00f2 significa che investi solo nel tempo di lavoro effettivo, con una conseguente riduzione del rischio.<\/p>\t\t\t\t\t\t\t\t<\/div>\n\t\t\t\t<\/div>\n\t\t\t\t\t<\/div>\n\t\t\t\t<\/div>\n\t\t\t\t<\/div>\n\t\t\t\t\t<\/details>\n\t\t\t\t\t\t<details id=\"e-n-accordion-item-3092\" class=\"e-n-accordion-item\" >\n\t\t\t\t<summary class=\"e-n-accordion-item-title\" data-accordion-index=\"3\" tabindex=\"-1\" aria-expanded=\"false\" aria-controls=\"e-n-accordion-item-3092\" >\n\t\t\t\t\t<span class='e-n-accordion-item-title-header'><div class=\"e-n-accordion-item-title-text\"> Posizioni permanenti <\/div><\/span>\n\t\t\t\t\t\t\t<span class='e-n-accordion-item-title-icon'>\n\t\t\t<span class='e-opened' ><svg aria-hidden=\"true\" class=\"e-font-icon-svg e-fas-arrow-down\" viewBox=\"0 0 448 512\" xmlns=\"http:\/\/www.w3.org\/2000\/svg\"><path d=\"M413.1 222.5l22.2 22.2c9.4 9.4 9.4 24.6 0 33.9L241 473c-9.4 9.4-24.6 9.4-33.9 0L12.7 278.6c-9.4-9.4-9.4-24.6 0-33.9l22.2-22.2c9.5-9.5 25-9.3 34.3.4L184 343.4V56c0-13.3 10.7-24 24-24h32c13.3 0 24 10.7 24 24v287.4l114.8-120.5c9.3-9.8 24.8-10 34.3-.4z\"><\/path><\/svg><\/span>\n\t\t\t<span class='e-closed'><svg aria-hidden=\"true\" class=\"e-font-icon-svg e-fas-arrow-up\" viewBox=\"0 0 448 512\" xmlns=\"http:\/\/www.w3.org\/2000\/svg\"><path d=\"M34.9 289.5l-22.2-22.2c-9.4-9.4-9.4-24.6 0-33.9L207 39c9.4-9.4 24.6-9.4 33.9 0l194.3 194.3c9.4 9.4 9.4 24.6 0 33.9L413 289.4c-9.5 9.5-25 9.3-34.3-.4L264 168.6V456c0 13.3-10.7 24-24 24h-32c-13.3 0-24-10.7-24-24V168.6L69.2 289.1c-9.3 9.8-24.8 10-34.3.4z\"><\/path><\/svg><\/span>\n\t\t<\/span>\n\n\t\t\t\t\t\t<\/summary>\n\t\t\t\t<div role=\"region\" aria-labelledby=\"e-n-accordion-item-3092\" class=\"elementor-element elementor-element-b1b071c e-con-full e-flex e-con e-child\" data-id=\"b1b071c\" data-element_type=\"container\" data-e-type=\"container\">\n\t\t<div role=\"region\" aria-labelledby=\"e-n-accordion-item-3092\" class=\"elementor-element elementor-element-d5ab709 e-flex e-con-boxed e-con e-child\" data-id=\"d5ab709\" data-element_type=\"container\" data-e-type=\"container\">\n\t\t\t\t\t<div class=\"e-con-inner\">\n\t\t\t\t<div class=\"elementor-element elementor-element-3cec4eb elementor-widget elementor-widget-text-editor\" data-id=\"3cec4eb\" data-element_type=\"widget\" data-e-type=\"widget\" data-widget_type=\"text-editor.default\">\n\t\t\t\t<div class=\"elementor-widget-container\">\n\t\t\t\t\t\t\t\t\t<p>Grazie ai buoni contatti con dipendenti qualificati e alla sua vasta rete di contatti, InnoPersonal AG \u00e8 in grado di offrire un servizio industriale flessibile e conveniente in diversi settori industriali, fino al collocamento di posti di lavoro a tempo indeterminato.<\/p>\t\t\t\t\t\t\t\t<\/div>\n\t\t\t\t<\/div>\n\t\t\t\t\t<\/div>\n\t\t\t\t<\/div>\n\t\t\t\t<\/div>\n\t\t\t\t\t<\/details>\n\t\t\t\t\t\t<details id=\"e-n-accordion-item-3093\" class=\"e-n-accordion-item\" >\n\t\t\t\t<summary class=\"e-n-accordion-item-title\" data-accordion-index=\"4\" tabindex=\"-1\" aria-expanded=\"false\" aria-controls=\"e-n-accordion-item-3093\" >\n\t\t\t\t\t<span class='e-n-accordion-item-title-header'><div class=\"e-n-accordion-item-title-text\"> Pagamento delle paghe <\/div><\/span>\n\t\t\t\t\t\t\t<span class='e-n-accordion-item-title-icon'>\n\t\t\t<span class='e-opened' ><svg aria-hidden=\"true\" class=\"e-font-icon-svg e-fas-arrow-down\" viewBox=\"0 0 448 512\" xmlns=\"http:\/\/www.w3.org\/2000\/svg\"><path d=\"M413.1 222.5l22.2 22.2c9.4 9.4 9.4 24.6 0 33.9L241 473c-9.4 9.4-24.6 9.4-33.9 0L12.7 278.6c-9.4-9.4-9.4-24.6 0-33.9l22.2-22.2c9.5-9.5 25-9.3 34.3.4L184 343.4V56c0-13.3 10.7-24 24-24h32c13.3 0 24 10.7 24 24v287.4l114.8-120.5c9.3-9.8 24.8-10 34.3-.4z\"><\/path><\/svg><\/span>\n\t\t\t<span class='e-closed'><svg aria-hidden=\"true\" class=\"e-font-icon-svg e-fas-arrow-up\" viewBox=\"0 0 448 512\" xmlns=\"http:\/\/www.w3.org\/2000\/svg\"><path d=\"M34.9 289.5l-22.2-22.2c-9.4-9.4-9.4-24.6 0-33.9L207 39c9.4-9.4 24.6-9.4 33.9 0l194.3 194.3c9.4 9.4 9.4 24.6 0 33.9L413 289.4c-9.5 9.5-25 9.3-34.3-.4L264 168.6V456c0 13.3-10.7 24-24 24h-32c-13.3 0-24-10.7-24-24V168.6L69.2 289.1c-9.3 9.8-24.8 10-34.3.4z\"><\/path><\/svg><\/span>\n\t\t<\/span>\n\n\t\t\t\t\t\t<\/summary>\n\t\t\t\t<div role=\"region\" aria-labelledby=\"e-n-accordion-item-3093\" class=\"elementor-element elementor-element-bc6822a e-con-full e-flex e-con e-child\" data-id=\"bc6822a\" data-element_type=\"container\" data-e-type=\"container\">\n\t\t<div role=\"region\" aria-labelledby=\"e-n-accordion-item-3093\" class=\"elementor-element elementor-element-bd1a607 e-flex e-con-boxed e-con e-child\" data-id=\"bd1a607\" data-element_type=\"container\" data-e-type=\"container\">\n\t\t\t\t\t<div class=\"e-con-inner\">\n\t\t\t\t<div class=\"elementor-element elementor-element-d0befba elementor-widget elementor-widget-text-editor\" data-id=\"d0befba\" data-element_type=\"widget\" data-e-type=\"widget\" data-widget_type=\"text-editor.default\">\n\t\t\t\t<div class=\"elementor-widget-container\">\n\t\t\t\t\t\t\t\t\t<p>Assumere la gestione completa del personale da te reclutato. Determinano tutto<\/p><p>\u00a0<\/p><p>Condizioni di impiego, ma trasferiscono a noi gli obblighi legali del datore di lavoro. Anche se il vostro personale \u00e8 sotto contratto con noi, rimarr\u00e0 sempre a vostra disposizione. Ci\u00f2 significa che trasferite a noi i rischi, gli obblighi amministrativi e di altro tipo e potete concentrarvi sul vostro core business pi\u00f9 redditizio.<\/p>\t\t\t\t\t\t\t\t<\/div>\n\t\t\t\t<\/div>\n\t\t\t\t\t<\/div>\n\t\t\t\t<\/div>\n\t\t\t\t<\/div>\n\t\t\t\t\t<\/details>\n\t\t\t\t\t<\/div>\n\t\t\t\t\t\t<\/div>\n\t\t\t\t<\/div>\n\t\t\t\t\t<\/div>\n\t\t\t\t<\/div>\n\t\t\t\t<\/div>\n\t\t","protected":false},"excerpt":{"rendered":"<p>Leasing di personale Reclutiamo personale sia per incarichi a lungo termine che per progetti pi\u00f9 brevi e incarichi di supporto temporanei. Operiamo in diversi settori e possiamo offrirti personale sia industriale\/tecnico che commerciale. \u00a0 Puoi reagire rapidamente alla carenza di personale. \u00c8 possibile attenuare i picchi di ordini stagionali o legati al mercato, cos\u00ec come <\/p>\n","protected":false},"author":1,"featured_media":0,"parent":0,"menu_order":0,"comment_status":"closed","ping_status":"closed","template":"jobzilla_template.php","meta":{"_acf_changed":false,"footnotes":""},"class_list":["post-8768","page","type-page","status-publish","hentry"],"yoast_head":"<!-- This site is optimized with the Yoast SEO plugin v27.2 - https:\/\/yoast.com\/product\/yoast-seo-wordpress\/ -->\n<title>servizio - InnoPersonal AG - Wil - St. Gallen - Weinfelden<\/title>\n<meta name=\"description\" content=\"servizio -\" \/>\n<meta name=\"robots\" content=\"index, follow, max-snippet:-1, max-image-preview:large, max-video-preview:-1\" \/>\n<link rel=\"canonical\" href=\"https:\/\/www.innopersonal.ch\/it\/dienstleistung\/\" \/>\n<meta property=\"og:locale\" content=\"it_IT\" \/>\n<meta property=\"og:type\" content=\"article\" \/>\n<meta property=\"og:title\" content=\"servizio - InnoPersonal AG - Wil - St. Gallen - Weinfelden\" \/>\n<meta property=\"og:description\" content=\"servizio -\" \/>\n<meta property=\"og:url\" content=\"https:\/\/www.innopersonal.ch\/it\/dienstleistung\/\" \/>\n<meta property=\"og:site_name\" content=\"InnoPersonal AG - Wil - St. Gallen - Weinfelden\" \/>\n<meta property=\"article:modified_time\" content=\"2025-04-16T05:23:37+00:00\" \/>\n<meta property=\"og:image\" content=\"https:\/\/www.innopersonal.ch\/wp-content\/uploads\/2025\/03\/innopersonal-logo.png\" \/>\n\t<meta property=\"og:image:width\" content=\"402\" \/>\n\t<meta property=\"og:image:height\" content=\"71\" \/>\n\t<meta property=\"og:image:type\" content=\"image\/png\" \/>\n<meta name=\"twitter:card\" content=\"summary_large_image\" \/>\n<meta name=\"twitter:label1\" content=\"Tempo di lettura stimato\" \/>\n\t<meta name=\"twitter:data1\" content=\"3 minuti\" \/>\n<script type=\"application\/ld+json\" class=\"yoast-schema-graph\">{\"@context\":\"https:\/\/schema.org\",\"@graph\":[{\"@type\":\"WebPage\",\"@id\":\"https:\/\/www.innopersonal.ch\/it\/dienstleistung\/\",\"url\":\"https:\/\/www.innopersonal.ch\/it\/dienstleistung\/\",\"name\":\"servizio - InnoPersonal AG - Wil - St. Gallen - Weinfelden\",\"isPartOf\":{\"@id\":\"https:\/\/www.innopersonal.ch\/de\/#website\"},\"datePublished\":\"2025-04-04T09:33:59+00:00\",\"dateModified\":\"2025-04-16T05:23:37+00:00\",\"description\":\"servizio -\",\"breadcrumb\":{\"@id\":\"https:\/\/www.innopersonal.ch\/it\/dienstleistung\/#breadcrumb\"},\"inLanguage\":\"it-IT\",\"potentialAction\":[{\"@type\":\"ReadAction\",\"target\":[\"https:\/\/www.innopersonal.ch\/it\/dienstleistung\/\"]}]},{\"@type\":\"BreadcrumbList\",\"@id\":\"https:\/\/www.innopersonal.ch\/it\/dienstleistung\/#breadcrumb\",\"itemListElement\":[{\"@type\":\"ListItem\",\"position\":1,\"name\":\"Startseite\",\"item\":\"https:\/\/www.innopersonal.ch\/en\/\"},{\"@type\":\"ListItem\",\"position\":2,\"name\":\"servizio\"}]},{\"@type\":\"WebSite\",\"@id\":\"https:\/\/www.innopersonal.ch\/de\/#website\",\"url\":\"https:\/\/www.innopersonal.ch\/de\/\",\"name\":\"InnoPersonal AG - Wil - St. Gallen - Weinfelden\",\"description\":\"Stellenvermittlung in der Ostschweiz\",\"publisher\":{\"@id\":\"https:\/\/www.innopersonal.ch\/de\/#organization\"},\"potentialAction\":[{\"@type\":\"SearchAction\",\"target\":{\"@type\":\"EntryPoint\",\"urlTemplate\":\"https:\/\/www.innopersonal.ch\/de\/?s={search_term_string}\"},\"query-input\":{\"@type\":\"PropertyValueSpecification\",\"valueRequired\":true,\"valueName\":\"search_term_string\"}}],\"inLanguage\":\"it-IT\"},{\"@type\":\"Organization\",\"@id\":\"https:\/\/www.innopersonal.ch\/de\/#organization\",\"name\":\"Innopersonal\",\"url\":\"https:\/\/www.innopersonal.ch\/de\/\",\"logo\":{\"@type\":\"ImageObject\",\"inLanguage\":\"it-IT\",\"@id\":\"https:\/\/www.innopersonal.ch\/de\/#\/schema\/logo\/image\/\",\"url\":\"https:\/\/www.innopersonal.ch\/wp-content\/uploads\/2025\/03\/innopersonal-logo.png\",\"contentUrl\":\"https:\/\/www.innopersonal.ch\/wp-content\/uploads\/2025\/03\/innopersonal-logo.png\",\"width\":402,\"height\":71,\"caption\":\"Innopersonal\"},\"image\":{\"@id\":\"https:\/\/www.innopersonal.ch\/de\/#\/schema\/logo\/image\/\"}}]}<\/script>\n<!-- \/ Yoast SEO plugin. -->","yoast_head_json":{"title":"servizio - InnoPersonal AG - Wil - St. Gallen - Weinfelden","description":"servizio -","robots":{"index":"index","follow":"follow","max-snippet":"max-snippet:-1","max-image-preview":"max-image-preview:large","max-video-preview":"max-video-preview:-1"},"canonical":"https:\/\/www.innopersonal.ch\/it\/dienstleistung\/","og_locale":"it_IT","og_type":"article","og_title":"servizio - InnoPersonal AG - Wil - St. Gallen - Weinfelden","og_description":"servizio -","og_url":"https:\/\/www.innopersonal.ch\/it\/dienstleistung\/","og_site_name":"InnoPersonal AG - Wil - St. Gallen - Weinfelden","article_modified_time":"2025-04-16T05:23:37+00:00","og_image":[{"width":402,"height":71,"url":"https:\/\/www.innopersonal.ch\/wp-content\/uploads\/2025\/03\/innopersonal-logo.png","type":"image\/png"}],"twitter_card":"summary_large_image","twitter_misc":{"Tempo di lettura stimato":"3 minuti"},"schema":{"@context":"https:\/\/schema.org","@graph":[{"@type":"WebPage","@id":"https:\/\/www.innopersonal.ch\/it\/dienstleistung\/","url":"https:\/\/www.innopersonal.ch\/it\/dienstleistung\/","name":"servizio - InnoPersonal AG - Wil - St. Gallen - Weinfelden","isPartOf":{"@id":"https:\/\/www.innopersonal.ch\/de\/#website"},"datePublished":"2025-04-04T09:33:59+00:00","dateModified":"2025-04-16T05:23:37+00:00","description":"servizio -","breadcrumb":{"@id":"https:\/\/www.innopersonal.ch\/it\/dienstleistung\/#breadcrumb"},"inLanguage":"it-IT","potentialAction":[{"@type":"ReadAction","target":["https:\/\/www.innopersonal.ch\/it\/dienstleistung\/"]}]},{"@type":"BreadcrumbList","@id":"https:\/\/www.innopersonal.ch\/it\/dienstleistung\/#breadcrumb","itemListElement":[{"@type":"ListItem","position":1,"name":"Startseite","item":"https:\/\/www.innopersonal.ch\/en\/"},{"@type":"ListItem","position":2,"name":"servizio"}]},{"@type":"WebSite","@id":"https:\/\/www.innopersonal.ch\/de\/#website","url":"https:\/\/www.innopersonal.ch\/de\/","name":"InnoPersonal AG - Wil - St. Gallen - Weinfelden","description":"Stellenvermittlung in der Ostschweiz","publisher":{"@id":"https:\/\/www.innopersonal.ch\/de\/#organization"},"potentialAction":[{"@type":"SearchAction","target":{"@type":"EntryPoint","urlTemplate":"https:\/\/www.innopersonal.ch\/de\/?s={search_term_string}"},"query-input":{"@type":"PropertyValueSpecification","valueRequired":true,"valueName":"search_term_string"}}],"inLanguage":"it-IT"},{"@type":"Organization","@id":"https:\/\/www.innopersonal.ch\/de\/#organization","name":"Innopersonal","url":"https:\/\/www.innopersonal.ch\/de\/","logo":{"@type":"ImageObject","inLanguage":"it-IT","@id":"https:\/\/www.innopersonal.ch\/de\/#\/schema\/logo\/image\/","url":"https:\/\/www.innopersonal.ch\/wp-content\/uploads\/2025\/03\/innopersonal-logo.png","contentUrl":"https:\/\/www.innopersonal.ch\/wp-content\/uploads\/2025\/03\/innopersonal-logo.png","width":402,"height":71,"caption":"Innopersonal"},"image":{"@id":"https:\/\/www.innopersonal.ch\/de\/#\/schema\/logo\/image\/"}}]}},"acf":[],"_links":{"self":[{"href":"https:\/\/www.innopersonal.ch\/it\/wp-json\/wp\/v2\/pages\/8768","targetHints":{"allow":["GET"]}}],"collection":[{"href":"https:\/\/www.innopersonal.ch\/it\/wp-json\/wp\/v2\/pages"}],"about":[{"href":"https:\/\/www.innopersonal.ch\/it\/wp-json\/wp\/v2\/types\/page"}],"author":[{"embeddable":true,"href":"https:\/\/www.innopersonal.ch\/it\/wp-json\/wp\/v2\/users\/1"}],"replies":[{"embeddable":true,"href":"https:\/\/www.innopersonal.ch\/it\/wp-json\/wp\/v2\/comments?post=8768"}],"version-history":[{"count":0,"href":"https:\/\/www.innopersonal.ch\/it\/wp-json\/wp\/v2\/pages\/8768\/revisions"}],"wp:attachment":[{"href":"https:\/\/www.innopersonal.ch\/it\/wp-json\/wp\/v2\/media?parent=8768"}],"curies":[{"name":"wp","href":"https:\/\/api.w.org\/{rel}","templated":true}]}}